{"id":1022,"date":"2024-01-11T00:55:36","date_gmt":"2024-01-11T04:55:36","guid":{"rendered":"https:\/\/bugsinbugsout.com\/viviendas\/"},"modified":"2025-01-25T00:08:29","modified_gmt":"2025-01-25T04:08:29","slug":"casas","status":"publish","type":"page","link":"https:\/\/bugsinbugsout.com\/es\/casas\/","title":{"rendered":"Casas"},"content":{"rendered":"<div id=\"cs-content\" class=\"cs-content\"><\/div>\n","protected":false},"excerpt":{"rendered":"<p>Protege tu casa Protegemos tu casa de hu\u00e9spedes rastreros no deseados. Manteni\u00e9ndote a ti y a los tuyos a salvo de agentes pat\u00f3genos y garantizando tu comodidad y bienestar.&nbsp;Agenda una inspecci\u00f3n gratuitaExperiencia cient\u00edfica, soluciones efectivas. Servicio r\u00e1pido y confiable. Seguro &#8230; <\/p>\n<div><a href=\"https:\/\/bugsinbugsout.com\/es\/casas\/\" class=\"more-link\">Read More<\/a><\/div>\n","protected":false},"author":3,"featured_media":0,"parent":0,"menu_order":0,"comment_status":"closed","ping_status":"closed","template":"template-blank-4.php","meta":{"footnotes":""},"class_list":["post-1022","page","type-page","status-publish","hentry","no-post-thumbnail"],"_links":{"self":[{"href":"https:\/\/bugsinbugsout.com\/es\/wp-json\/wp\/v2\/pages\/1022","targetHints":{"allow":["GET"]}}],"collection":[{"href":"https:\/\/bugsinbugsout.com\/es\/wp-json\/wp\/v2\/pages"}],"about":[{"href":"https:\/\/bugsinbugsout.com\/es\/wp-json\/wp\/v2\/types\/page"}],"author":[{"embeddable":true,"href":"https:\/\/bugsinbugsout.com\/es\/wp-json\/wp\/v2\/users\/3"}],"replies":[{"embeddable":true,"href":"https:\/\/bugsinbugsout.com\/es\/wp-json\/wp\/v2\/comments?post=1022"}],"version-history":[{"count":8,"href":"https:\/\/bugsinbugsout.com\/es\/wp-json\/wp\/v2\/pages\/1022\/revisions"}],"predecessor-version":[{"id":1222,"href":"https:\/\/bugsinbugsout.com\/es\/wp-json\/wp\/v2\/pages\/1022\/revisions\/1222"}],"wp:attachment":[{"href":"https:\/\/bugsinbugsout.com\/es\/wp-json\/wp\/v2\/media?parent=1022"}],"curies":[{"name":"wp","href":"https:\/\/api.w.org\/{rel}","templated":true}]}}