{"id":1024,"date":"2024-01-11T01:45:01","date_gmt":"2024-01-11T05:45:01","guid":{"rendered":"https:\/\/bugsinbugsout.com\/barcos\/"},"modified":"2025-01-25T00:11:22","modified_gmt":"2025-01-25T04:11:22","slug":"barcos","status":"publish","type":"page","link":"https:\/\/bugsinbugsout.com\/es\/barcos\/","title":{"rendered":"Barcos"},"content":{"rendered":"<div id=\"cs-content\" class=\"cs-content\"><\/div>\n","protected":false},"excerpt":{"rendered":"<p>Navega con seguridad Nuestro compromiso es mantener tu embarcaci\u00f3n libre de plagas para que t\u00fa y tus invitados puedan navegar de una manera placentera y confortable.Agenda una inspecci\u00f3n gratuitaTratamiento duradero incluso para las aguas m\u00e1s turbulentas. Especializados en proteger muebles &#8230; <\/p>\n<div><a href=\"https:\/\/bugsinbugsout.com\/es\/barcos\/\" class=\"more-link\">Read More<\/a><\/div>\n","protected":false},"author":3,"featured_media":0,"parent":0,"menu_order":0,"comment_status":"closed","ping_status":"closed","template":"template-blank-4.php","meta":{"footnotes":""},"class_list":["post-1024","page","type-page","status-publish","hentry","no-post-thumbnail"],"_links":{"self":[{"href":"https:\/\/bugsinbugsout.com\/es\/wp-json\/wp\/v2\/pages\/1024","targetHints":{"allow":["GET"]}}],"collection":[{"href":"https:\/\/bugsinbugsout.com\/es\/wp-json\/wp\/v2\/pages"}],"about":[{"href":"https:\/\/bugsinbugsout.com\/es\/wp-json\/wp\/v2\/types\/page"}],"author":[{"embeddable":true,"href":"https:\/\/bugsinbugsout.com\/es\/wp-json\/wp\/v2\/users\/3"}],"replies":[{"embeddable":true,"href":"https:\/\/bugsinbugsout.com\/es\/wp-json\/wp\/v2\/comments?post=1024"}],"version-history":[{"count":7,"href":"https:\/\/bugsinbugsout.com\/es\/wp-json\/wp\/v2\/pages\/1024\/revisions"}],"predecessor-version":[{"id":1223,"href":"https:\/\/bugsinbugsout.com\/es\/wp-json\/wp\/v2\/pages\/1024\/revisions\/1223"}],"wp:attachment":[{"href":"https:\/\/bugsinbugsout.com\/es\/wp-json\/wp\/v2\/media?parent=1024"}],"curies":[{"name":"wp","href":"https:\/\/api.w.org\/{rel}","templated":true}]}}