{"id":1028,"date":"2024-05-12T02:32:12","date_gmt":"2024-05-12T06:32:12","guid":{"rendered":"https:\/\/bugsinbugsout.com\/aracnidos\/"},"modified":"2024-06-29T18:29:25","modified_gmt":"2024-06-29T22:29:25","slug":"aracnidos","status":"publish","type":"page","link":"https:\/\/bugsinbugsout.com\/es\/aracnidos\/","title":{"rendered":"Ar\u00e1cnidos"},"content":{"rendered":"<div id=\"cs-content\" class=\"cs-content\"><\/div>\n","protected":false},"excerpt":{"rendered":"<p>Ar\u00e1cnidos Los ar\u00e1cnidos incluyen: ara\u00f1as, garrapatas y alacranes, entre otros. Comentario curioso sobre las ara\u00f1as: estas MUERDEN, \u00a1no pican! Existen especies venenosas que habitan en M\u00e9xico y son de importancia m\u00e9dica. Ciertas especies ponen en riesgo tu salud debido a &#8230; <\/p>\n<div><a href=\"https:\/\/bugsinbugsout.com\/es\/aracnidos\/\" class=\"more-link\">Read More<\/a><\/div>\n","protected":false},"author":3,"featured_media":0,"parent":0,"menu_order":0,"comment_status":"closed","ping_status":"closed","template":"template-blank-4.php","meta":{"footnotes":""},"class_list":["post-1028","page","type-page","status-publish","hentry","no-post-thumbnail"],"_links":{"self":[{"href":"https:\/\/bugsinbugsout.com\/es\/wp-json\/wp\/v2\/pages\/1028","targetHints":{"allow":["GET"]}}],"collection":[{"href":"https:\/\/bugsinbugsout.com\/es\/wp-json\/wp\/v2\/pages"}],"about":[{"href":"https:\/\/bugsinbugsout.com\/es\/wp-json\/wp\/v2\/types\/page"}],"author":[{"embeddable":true,"href":"https:\/\/bugsinbugsout.com\/es\/wp-json\/wp\/v2\/users\/3"}],"replies":[{"embeddable":true,"href":"https:\/\/bugsinbugsout.com\/es\/wp-json\/wp\/v2\/comments?post=1028"}],"version-history":[{"count":3,"href":"https:\/\/bugsinbugsout.com\/es\/wp-json\/wp\/v2\/pages\/1028\/revisions"}],"predecessor-version":[{"id":1098,"href":"https:\/\/bugsinbugsout.com\/es\/wp-json\/wp\/v2\/pages\/1028\/revisions\/1098"}],"wp:attachment":[{"href":"https:\/\/bugsinbugsout.com\/es\/wp-json\/wp\/v2\/media?parent=1028"}],"curies":[{"name":"wp","href":"https:\/\/api.w.org\/{rel}","templated":true}]}}