{"id":1031,"date":"2024-05-12T03:23:38","date_gmt":"2024-05-12T07:23:38","guid":{"rendered":"https:\/\/bugsinbugsout.com\/quiropteros\/"},"modified":"2024-06-29T18:29:54","modified_gmt":"2024-06-29T22:29:54","slug":"quiropteros","status":"publish","type":"page","link":"https:\/\/bugsinbugsout.com\/es\/quiropteros\/","title":{"rendered":"Quir\u00f3pteros"},"content":{"rendered":"<div id=\"cs-content\" class=\"cs-content\"><\/div>\n","protected":false},"excerpt":{"rendered":"<p>Quir\u00f3pteros Los quir\u00f3pteros son com\u00fanmente conocidos como murci\u00e9lagos. Son los \u00fanicos mam\u00edferos que pueden volar. Habitan diversos h\u00e1bitats en todo el mundo, desde selvas tropicales hasta desiertos y \u00e1reas urbanas. Tienen dedos alargados con una membrana estirada entre ellos. Los &#8230; <\/p>\n<div><a href=\"https:\/\/bugsinbugsout.com\/es\/quiropteros\/\" class=\"more-link\">Read More<\/a><\/div>\n","protected":false},"author":3,"featured_media":0,"parent":0,"menu_order":0,"comment_status":"closed","ping_status":"closed","template":"template-blank-4.php","meta":{"footnotes":""},"class_list":["post-1031","page","type-page","status-publish","hentry","no-post-thumbnail"],"_links":{"self":[{"href":"https:\/\/bugsinbugsout.com\/es\/wp-json\/wp\/v2\/pages\/1031","targetHints":{"allow":["GET"]}}],"collection":[{"href":"https:\/\/bugsinbugsout.com\/es\/wp-json\/wp\/v2\/pages"}],"about":[{"href":"https:\/\/bugsinbugsout.com\/es\/wp-json\/wp\/v2\/types\/page"}],"author":[{"embeddable":true,"href":"https:\/\/bugsinbugsout.com\/es\/wp-json\/wp\/v2\/users\/3"}],"replies":[{"embeddable":true,"href":"https:\/\/bugsinbugsout.com\/es\/wp-json\/wp\/v2\/comments?post=1031"}],"version-history":[{"count":2,"href":"https:\/\/bugsinbugsout.com\/es\/wp-json\/wp\/v2\/pages\/1031\/revisions"}],"predecessor-version":[{"id":1100,"href":"https:\/\/bugsinbugsout.com\/es\/wp-json\/wp\/v2\/pages\/1031\/revisions\/1100"}],"wp:attachment":[{"href":"https:\/\/bugsinbugsout.com\/es\/wp-json\/wp\/v2\/media?parent=1031"}],"curies":[{"name":"wp","href":"https:\/\/api.w.org\/{rel}","templated":true}]}}