{"id":1037,"date":"2022-06-20T19:25:25","date_gmt":"2022-06-20T23:25:25","guid":{"rendered":"https:\/\/bugsinbugsout.com\/oferta-basica\/"},"modified":"2025-10-27T23:20:16","modified_gmt":"2025-10-28T03:20:16","slug":"control-de-plagas","status":"publish","type":"page","link":"https:\/\/bugsinbugsout.com\/es\/","title":{"rendered":"Servicios de control de plagas basados \u200b\u200ben la ciencia"},"content":{"rendered":"<div id=\"cs-content\" class=\"cs-content\"><\/div>\n","protected":false},"excerpt":{"rendered":"<p>Agenda una inspecci\u00f3n gratuitaConoce a nuestro equipo de cient&iacute;ficos. Somos un grupo de cient\u00edficos multidisciplinarios dedicados al estudio de los artr\u00f3podos y la entomolog\u00eda aplicada. Nuestros estudios cient\u00edficos se basan en: ciclos reproductivos, ciclos de vida, fisionom\u00eda, fisiolog\u00eda, anatom\u00eda, h\u00e1bitos, &#8230; <\/p>\n<div><a href=\"https:\/\/bugsinbugsout.com\/es\/\" class=\"more-link\">Read More<\/a><\/div>\n","protected":false},"author":3,"featured_media":0,"parent":0,"menu_order":0,"comment_status":"closed","ping_status":"closed","template":"template-blank-4.php","meta":{"footnotes":""},"class_list":["post-1037","page","type-page","status-publish","hentry","no-post-thumbnail"],"_links":{"self":[{"href":"https:\/\/bugsinbugsout.com\/es\/wp-json\/wp\/v2\/pages\/1037","targetHints":{"allow":["GET"]}}],"collection":[{"href":"https:\/\/bugsinbugsout.com\/es\/wp-json\/wp\/v2\/pages"}],"about":[{"href":"https:\/\/bugsinbugsout.com\/es\/wp-json\/wp\/v2\/types\/page"}],"author":[{"embeddable":true,"href":"https:\/\/bugsinbugsout.com\/es\/wp-json\/wp\/v2\/users\/3"}],"replies":[{"embeddable":true,"href":"https:\/\/bugsinbugsout.com\/es\/wp-json\/wp\/v2\/comments?post=1037"}],"version-history":[{"count":18,"href":"https:\/\/bugsinbugsout.com\/es\/wp-json\/wp\/v2\/pages\/1037\/revisions"}],"predecessor-version":[{"id":1320,"href":"https:\/\/bugsinbugsout.com\/es\/wp-json\/wp\/v2\/pages\/1037\/revisions\/1320"}],"wp:attachment":[{"href":"https:\/\/bugsinbugsout.com\/es\/wp-json\/wp\/v2\/media?parent=1037"}],"curies":[{"name":"wp","href":"https:\/\/api.w.org\/{rel}","templated":true}]}}