{"id":1039,"date":"2024-05-12T17:47:45","date_gmt":"2024-05-12T21:47:45","guid":{"rendered":"https:\/\/bugsinbugsout.com\/contacto-del-curso\/"},"modified":"2024-06-20T23:27:24","modified_gmt":"2024-06-21T03:27:24","slug":"contacto-del-curso","status":"publish","type":"page","link":"https:\/\/bugsinbugsout.com\/es\/contacto-del-curso\/","title":{"rendered":"Contacto del curso"},"content":{"rendered":"<div id=\"cs-content\" class=\"cs-content\"><\/div>\n","protected":false},"excerpt":{"rendered":"<p>Solicita m&aacute;s informaci&oacute;n de nuestros cursos y programas de certificaci&oacute;n. \u00bfNecesitas asistencia inmediata? Ll\u00e1manos desde EUA +1-210-540-6139o desde M\u00e9xico +52-811-667-1490 or y agenda una inspecci\u00f3n gratuita.Tambi\u00e9n puedes enviar un correo directo a info@bugsinbugsout.com.<\/p>\n","protected":false},"author":3,"featured_media":0,"parent":0,"menu_order":0,"comment_status":"closed","ping_status":"closed","template":"template-blank-4.php","meta":{"footnotes":""},"class_list":["post-1039","page","type-page","status-publish","hentry","no-post-thumbnail"],"_links":{"self":[{"href":"https:\/\/bugsinbugsout.com\/es\/wp-json\/wp\/v2\/pages\/1039","targetHints":{"allow":["GET"]}}],"collection":[{"href":"https:\/\/bugsinbugsout.com\/es\/wp-json\/wp\/v2\/pages"}],"about":[{"href":"https:\/\/bugsinbugsout.com\/es\/wp-json\/wp\/v2\/types\/page"}],"author":[{"embeddable":true,"href":"https:\/\/bugsinbugsout.com\/es\/wp-json\/wp\/v2\/users\/3"}],"replies":[{"embeddable":true,"href":"https:\/\/bugsinbugsout.com\/es\/wp-json\/wp\/v2\/comments?post=1039"}],"version-history":[{"count":4,"href":"https:\/\/bugsinbugsout.com\/es\/wp-json\/wp\/v2\/pages\/1039\/revisions"}],"predecessor-version":[{"id":1112,"href":"https:\/\/bugsinbugsout.com\/es\/wp-json\/wp\/v2\/pages\/1039\/revisions\/1112"}],"wp:attachment":[{"href":"https:\/\/bugsinbugsout.com\/es\/wp-json\/wp\/v2\/media?parent=1039"}],"curies":[{"name":"wp","href":"https:\/\/api.w.org\/{rel}","templated":true}]}}