{"id":1041,"date":"2024-01-11T02:07:58","date_gmt":"2024-01-11T06:07:58","guid":{"rendered":"https:\/\/bugsinbugsout.com\/cursos\/"},"modified":"2024-06-29T19:08:13","modified_gmt":"2024-06-29T23:08:13","slug":"cursos","status":"publish","type":"page","link":"https:\/\/bugsinbugsout.com\/es\/cursos\/","title":{"rendered":"Cursos"},"content":{"rendered":"<div id=\"cs-content\" class=\"cs-content\"><\/div>\n","protected":false},"excerpt":{"rendered":"<p>Certifica tu negocio Asegura una buena reputaci\u00f3n en Los Cabos. Cumple con los requisitos sanitarios manteniendo los m\u00e1s altos est\u00e1ndares de higiene protegiendo tu negocio contra plagas.Cont\u00e1ctanos para m\u00e1s informaci\u00f3nLiderado por bi\u00f3logos y especialistas de laboratorio certificados. Cursos y certificaciones &#8230; <\/p>\n<div><a href=\"https:\/\/bugsinbugsout.com\/es\/cursos\/\" class=\"more-link\">Read More<\/a><\/div>\n","protected":false},"author":3,"featured_media":0,"parent":0,"menu_order":0,"comment_status":"closed","ping_status":"closed","template":"template-blank-4.php","meta":{"footnotes":""},"class_list":["post-1041","page","type-page","status-publish","hentry","no-post-thumbnail"],"_links":{"self":[{"href":"https:\/\/bugsinbugsout.com\/es\/wp-json\/wp\/v2\/pages\/1041","targetHints":{"allow":["GET"]}}],"collection":[{"href":"https:\/\/bugsinbugsout.com\/es\/wp-json\/wp\/v2\/pages"}],"about":[{"href":"https:\/\/bugsinbugsout.com\/es\/wp-json\/wp\/v2\/types\/page"}],"author":[{"embeddable":true,"href":"https:\/\/bugsinbugsout.com\/es\/wp-json\/wp\/v2\/users\/3"}],"replies":[{"embeddable":true,"href":"https:\/\/bugsinbugsout.com\/es\/wp-json\/wp\/v2\/comments?post=1041"}],"version-history":[{"count":4,"href":"https:\/\/bugsinbugsout.com\/es\/wp-json\/wp\/v2\/pages\/1041\/revisions"}],"predecessor-version":[{"id":1156,"href":"https:\/\/bugsinbugsout.com\/es\/wp-json\/wp\/v2\/pages\/1041\/revisions\/1156"}],"wp:attachment":[{"href":"https:\/\/bugsinbugsout.com\/es\/wp-json\/wp\/v2\/media?parent=1041"}],"curies":[{"name":"wp","href":"https:\/\/api.w.org\/{rel}","templated":true}]}}