{"id":1049,"date":"2024-05-12T01:17:24","date_gmt":"2024-05-12T05:17:24","guid":{"rendered":"https:\/\/bugsinbugsout.com\/insectos\/"},"modified":"2024-06-29T18:29:14","modified_gmt":"2024-06-29T22:29:14","slug":"insectos","status":"publish","type":"page","link":"https:\/\/bugsinbugsout.com\/es\/insectos\/","title":{"rendered":"Insectos"},"content":{"rendered":"<div id=\"cs-content\" class=\"cs-content\"><\/div>\n","protected":false},"excerpt":{"rendered":"<p>Insectos Los insectos son considerados vectores (agentes portadores de pat\u00f3genos). Su reproducci\u00f3n es acelerada, siendo una adaptaci\u00f3n como supervivencia de la especie y, el calor es un factor que sobre potencializa la reproducci\u00f3n. Los insectos son identificados por el n\u00famero &#8230; <\/p>\n<div><a href=\"https:\/\/bugsinbugsout.com\/es\/insectos\/\" class=\"more-link\">Read More<\/a><\/div>\n","protected":false},"author":3,"featured_media":0,"parent":0,"menu_order":0,"comment_status":"closed","ping_status":"closed","template":"template-blank-4.php","meta":{"footnotes":""},"class_list":["post-1049","page","type-page","status-publish","hentry","no-post-thumbnail"],"_links":{"self":[{"href":"https:\/\/bugsinbugsout.com\/es\/wp-json\/wp\/v2\/pages\/1049","targetHints":{"allow":["GET"]}}],"collection":[{"href":"https:\/\/bugsinbugsout.com\/es\/wp-json\/wp\/v2\/pages"}],"about":[{"href":"https:\/\/bugsinbugsout.com\/es\/wp-json\/wp\/v2\/types\/page"}],"author":[{"embeddable":true,"href":"https:\/\/bugsinbugsout.com\/es\/wp-json\/wp\/v2\/users\/3"}],"replies":[{"embeddable":true,"href":"https:\/\/bugsinbugsout.com\/es\/wp-json\/wp\/v2\/comments?post=1049"}],"version-history":[{"count":2,"href":"https:\/\/bugsinbugsout.com\/es\/wp-json\/wp\/v2\/pages\/1049\/revisions"}],"predecessor-version":[{"id":1134,"href":"https:\/\/bugsinbugsout.com\/es\/wp-json\/wp\/v2\/pages\/1049\/revisions\/1134"}],"wp:attachment":[{"href":"https:\/\/bugsinbugsout.com\/es\/wp-json\/wp\/v2\/media?parent=1049"}],"curies":[{"name":"wp","href":"https:\/\/api.w.org\/{rel}","templated":true}]}}