{"id":1053,"date":"2024-01-13T02:52:39","date_gmt":"2024-01-13T06:52:39","guid":{"rendered":"https:\/\/bugsinbugsout.com\/nuestro-compromiso\/"},"modified":"2024-06-20T08:34:50","modified_gmt":"2024-06-20T12:34:50","slug":"nuestro-compromiso","status":"publish","type":"page","link":"https:\/\/bugsinbugsout.com\/es\/nuestro-compromiso\/","title":{"rendered":"Nuestro compromiso"},"content":{"rendered":"<div id=\"cs-content\" class=\"cs-content\"><\/div>\n","protected":false},"excerpt":{"rendered":"<p>Nuestro compromiso Garantizar los m\u00e1s altos est\u00e1ndares no es s\u00f3lo una elecci\u00f3n, sino un deber y un compromiso. En Bugs In Bugs Out, nos enorgullecemos de estar certificados por varios organismos calificados, lo que demuestra nuestra dedicaci\u00f3n a la excelencia &#8230; <\/p>\n<div><a href=\"https:\/\/bugsinbugsout.com\/es\/nuestro-compromiso\/\" class=\"more-link\">Read More<\/a><\/div>\n","protected":false},"author":3,"featured_media":0,"parent":0,"menu_order":0,"comment_status":"closed","ping_status":"closed","template":"template-blank-4.php","meta":{"footnotes":""},"class_list":["post-1053","page","type-page","status-publish","hentry","no-post-thumbnail"],"_links":{"self":[{"href":"https:\/\/bugsinbugsout.com\/es\/wp-json\/wp\/v2\/pages\/1053","targetHints":{"allow":["GET"]}}],"collection":[{"href":"https:\/\/bugsinbugsout.com\/es\/wp-json\/wp\/v2\/pages"}],"about":[{"href":"https:\/\/bugsinbugsout.com\/es\/wp-json\/wp\/v2\/types\/page"}],"author":[{"embeddable":true,"href":"https:\/\/bugsinbugsout.com\/es\/wp-json\/wp\/v2\/users\/3"}],"replies":[{"embeddable":true,"href":"https:\/\/bugsinbugsout.com\/es\/wp-json\/wp\/v2\/comments?post=1053"}],"version-history":[{"count":1,"href":"https:\/\/bugsinbugsout.com\/es\/wp-json\/wp\/v2\/pages\/1053\/revisions"}],"predecessor-version":[{"id":1054,"href":"https:\/\/bugsinbugsout.com\/es\/wp-json\/wp\/v2\/pages\/1053\/revisions\/1054"}],"wp:attachment":[{"href":"https:\/\/bugsinbugsout.com\/es\/wp-json\/wp\/v2\/media?parent=1053"}],"curies":[{"name":"wp","href":"https:\/\/api.w.org\/{rel}","templated":true}]}}