{"id":1059,"date":"2024-05-12T03:09:56","date_gmt":"2024-05-12T07:09:56","guid":{"rendered":"https:\/\/bugsinbugsout.com\/roedores\/"},"modified":"2024-06-29T18:33:52","modified_gmt":"2024-06-29T22:33:52","slug":"roedores","status":"publish","type":"page","link":"https:\/\/bugsinbugsout.com\/es\/roedores\/","title":{"rendered":"Roedores"},"content":{"rendered":"<div id=\"cs-content\" class=\"cs-content\"><\/div>\n","protected":false},"excerpt":{"rendered":"<p>Roedores Pertenecen a la clase de los mam\u00edferos, tan capaces e inteligentes de resolver acertijos. Viven en grupos, liderados por un alfa. Despu\u00e9s de los humanos, su distribuci\u00f3n es mundial &#8211; cosmopolita dominan los subsuelos y las alturas.\u00bfEst\u00e1s Buscando Un &#8230; <\/p>\n<div><a href=\"https:\/\/bugsinbugsout.com\/es\/roedores\/\" class=\"more-link\">Read More<\/a><\/div>\n","protected":false},"author":3,"featured_media":0,"parent":0,"menu_order":0,"comment_status":"closed","ping_status":"closed","template":"template-blank-4.php","meta":{"footnotes":""},"class_list":["post-1059","page","type-page","status-publish","hentry","no-post-thumbnail"],"_links":{"self":[{"href":"https:\/\/bugsinbugsout.com\/es\/wp-json\/wp\/v2\/pages\/1059","targetHints":{"allow":["GET"]}}],"collection":[{"href":"https:\/\/bugsinbugsout.com\/es\/wp-json\/wp\/v2\/pages"}],"about":[{"href":"https:\/\/bugsinbugsout.com\/es\/wp-json\/wp\/v2\/types\/page"}],"author":[{"embeddable":true,"href":"https:\/\/bugsinbugsout.com\/es\/wp-json\/wp\/v2\/users\/3"}],"replies":[{"embeddable":true,"href":"https:\/\/bugsinbugsout.com\/es\/wp-json\/wp\/v2\/comments?post=1059"}],"version-history":[{"count":2,"href":"https:\/\/bugsinbugsout.com\/es\/wp-json\/wp\/v2\/pages\/1059\/revisions"}],"predecessor-version":[{"id":1141,"href":"https:\/\/bugsinbugsout.com\/es\/wp-json\/wp\/v2\/pages\/1059\/revisions\/1141"}],"wp:attachment":[{"href":"https:\/\/bugsinbugsout.com\/es\/wp-json\/wp\/v2\/media?parent=1059"}],"curies":[{"name":"wp","href":"https:\/\/api.w.org\/{rel}","templated":true}]}}