{"id":1125,"date":"2024-06-20T15:29:46","date_gmt":"2024-06-20T19:29:46","guid":{"rendered":"https:\/\/bugsinbugsout.com\/industrial-spanish\/"},"modified":"2025-02-13T16:45:55","modified_gmt":"2025-02-13T20:45:55","slug":"industrial","status":"publish","type":"page","link":"https:\/\/bugsinbugsout.com\/es\/industrial\/","title":{"rendered":"Industrial"},"content":{"rendered":"<div id=\"cs-content\" class=\"cs-content\"><\/div>\n","protected":false},"excerpt":{"rendered":"<p>Certifica tu negocio Asegura una buena reputaci\u00f3n en Los Cabos. Cumple con los requisitos sanitarios manteniendo los m\u00e1s altos est\u00e1ndares de higiene protegiendo tu negocio contra las plagas.Agenda una inspecci\u00f3n gratuitaCumplimiento y seguridad asegurados. Cursos y certificaciones en manejo de &#8230; <\/p>\n<div><a href=\"https:\/\/bugsinbugsout.com\/es\/industrial\/\" class=\"more-link\">Read More<\/a><\/div>\n","protected":false},"author":3,"featured_media":0,"parent":0,"menu_order":0,"comment_status":"closed","ping_status":"closed","template":"template-blank-4.php","meta":{"footnotes":""},"class_list":["post-1125","page","type-page","status-publish","hentry","no-post-thumbnail"],"_links":{"self":[{"href":"https:\/\/bugsinbugsout.com\/es\/wp-json\/wp\/v2\/pages\/1125","targetHints":{"allow":["GET"]}}],"collection":[{"href":"https:\/\/bugsinbugsout.com\/es\/wp-json\/wp\/v2\/pages"}],"about":[{"href":"https:\/\/bugsinbugsout.com\/es\/wp-json\/wp\/v2\/types\/page"}],"author":[{"embeddable":true,"href":"https:\/\/bugsinbugsout.com\/es\/wp-json\/wp\/v2\/users\/3"}],"replies":[{"embeddable":true,"href":"https:\/\/bugsinbugsout.com\/es\/wp-json\/wp\/v2\/comments?post=1125"}],"version-history":[{"count":8,"href":"https:\/\/bugsinbugsout.com\/es\/wp-json\/wp\/v2\/pages\/1125\/revisions"}],"predecessor-version":[{"id":1164,"href":"https:\/\/bugsinbugsout.com\/es\/wp-json\/wp\/v2\/pages\/1125\/revisions\/1164"}],"wp:attachment":[{"href":"https:\/\/bugsinbugsout.com\/es\/wp-json\/wp\/v2\/media?parent=1125"}],"curies":[{"name":"wp","href":"https:\/\/api.w.org\/{rel}","templated":true}]}}